{"id":123,"date":"2011-10-26T16:31:41","date_gmt":"2011-10-26T16:31:41","guid":{"rendered":"http:\/\/www.ctainternacionales.org\/?page_id=123"},"modified":"2014-07-18T18:35:36","modified_gmt":"2014-07-18T21:35:36","slug":"staff","status":"publish","type":"page","link":"https:\/\/ctainternacionales.org\/?page_id=123","title":{"rendered":"Staff"},"content":{"rendered":"<h2><\/h2>\n<h2>Adolfo Aguirre: Secretario de Relaciones Internacionales<br \/>\n<span class=\"Apple-style-span\" style=\"font-size: 13px; font-weight: normal;\">\u00a0<\/span><\/h2>\n<p>Maite Llanos: Asesora General<\/p>\n<p>Carlos Custer: Asesor<\/p>\n<p>Eduardo Est\u00e9vez: Asesor<\/p>\n<p>Nicol\u00e1s H\u00f6nigesz: Responsable del \u00c1rea de Comunicaci\u00f3n<\/p>\n<p>Carolina Ocar: Responsable del \u00c1rea de Migraciones<\/p>\n<p>Joaquin Turco: Responsable del \u00c1rea de Cambio Clim\u00e1tico<\/p>\n<p>Ruben Garrido: Responsable del \u00c1rea de Seguridad Social<\/p>\n<p>Bruno Dobrusin: Asesor<\/p>\n","protected":false},"excerpt":{"rendered":"Adolfo Aguirre: Secretario de Relaciones Internacionales \u00a0 Maite Llanos: Asesora General Carlos Custer: Asesor Eduardo Est\u00e9vez: Asesor Nicol\u00e1s H\u00f6nigesz: Responsable del \u00c1rea de \n<a class=\"moretag\" href=\"https:\/\/ctainternacionales.org\/?page_id=123\"> [...]<\/a>","protected":false},"author":1,"featured_media":0,"parent":0,"menu_order":0,"comment_status":"closed","ping_status":"closed","template":"","meta":{"ngg_post_thumbnail":0,"footnotes":""},"class_list":["post-123","page","type-page","status-publish","hentry"],"_links":{"self":[{"href":"https:\/\/ctainternacionales.org\/index.php?rest_route=\/wp\/v2\/pages\/123","targetHints":{"allow":["GET"]}}],"collection":[{"href":"https:\/\/ctainternacionales.org\/index.php?rest_route=\/wp\/v2\/pages"}],"about":[{"href":"https:\/\/ctainternacionales.org\/index.php?rest_route=\/wp\/v2\/types\/page"}],"author":[{"embeddable":true,"href":"https:\/\/ctainternacionales.org\/index.php?rest_route=\/wp\/v2\/users\/1"}],"replies":[{"embeddable":true,"href":"https:\/\/ctainternacionales.org\/index.php?rest_route=%2Fwp%2Fv2%2Fcomments&post=123"}],"version-history":[{"count":10,"href":"https:\/\/ctainternacionales.org\/index.php?rest_route=\/wp\/v2\/pages\/123\/revisions"}],"predecessor-version":[{"id":2269,"href":"https:\/\/ctainternacionales.org\/index.php?rest_route=\/wp\/v2\/pages\/123\/revisions\/2269"}],"wp:attachment":[{"href":"https:\/\/ctainternacionales.org\/index.php?rest_route=%2Fwp%2Fv2%2Fmedia&parent=123"}],"curies":[{"name":"wp","href":"https:\/\/api.w.org\/{rel}","templated":true}]}}